{"id":14400,"date":"2026-03-07T02:34:39","date_gmt":"2026-03-07T02:34:39","guid":{"rendered":"https:\/\/stuffstore.shop\/?post_type=product&#038;p=14400"},"modified":"2026-03-07T02:59:30","modified_gmt":"2026-03-07T02:59:30","slug":"lattafa-parfum-eclaire-100ml","status":"publish","type":"product","link":"https:\/\/stuffstore.shop\/de\/produkt\/lattafa-parfum-eclaire-100ml\/","title":{"rendered":"Lattafa Parfum Eclaire 100ML"},"content":{"rendered":"<div data-elementor-type=\"product-post\" data-elementor-id=\"14400\" class=\"elementor elementor-14400\" data-elementor-post-type=\"product\">\n\t\t\t\t<div class=\"elementor-element elementor-element-426fb4a3 e-grid e-con-boxed e-con e-parent\" data-id=\"426fb4a3\" data-element_type=\"container\" data-e-type=\"container\" data-settings=\"{&quot;ekit_has_onepagescroll_dot&quot;:&quot;yes&quot;}\">\n\t\t\t\t\t<div class=\"e-con-inner\">\n\t\t\t\t<div class=\"elementor-element elementor-element-723a5c92 elementor-widget elementor-widget-image\" data-id=\"723a5c92\" data-element_type=\"widget\" data-e-type=\"widget\" data-settings=\"{&quot;ekit_we_effect_on&quot;:&quot;none&quot;}\" data-widget_type=\"image.default\">\n\t\t\t\t<div class=\"elementor-widget-container\">\n\t\t\t\t\t\t\t\t\t\t\t\t\t\t\t<img loading=\"lazy\" decoding=\"async\" width=\"1024\" height=\"1024\" src=\"https:\/\/stuffstore.shop\/wp-content\/uploads\/2026\/03\/614ZeFphnL._SL1080_-1024x1024.jpg\" class=\"attachment-large size-large wp-image-14405 wvs-archive-product-image\" alt=\"\" srcset=\"https:\/\/stuffstore.shop\/wp-content\/uploads\/2026\/03\/614ZeFphnL._SL1080_-1024x1024.jpg 1024w, https:\/\/stuffstore.shop\/wp-content\/uploads\/2026\/03\/614ZeFphnL._SL1080_-300x300.jpg 300w, https:\/\/stuffstore.shop\/wp-content\/uploads\/2026\/03\/614ZeFphnL._SL1080_-150x150.jpg 150w, https:\/\/stuffstore.shop\/wp-content\/uploads\/2026\/03\/614ZeFphnL._SL1080_-768x768.jpg 768w, https:\/\/stuffstore.shop\/wp-content\/uploads\/2026\/03\/614ZeFphnL._SL1080_-12x12.jpg 12w, https:\/\/stuffstore.shop\/wp-content\/uploads\/2026\/03\/614ZeFphnL._SL1080_-600x600.jpg 600w, https:\/\/stuffstore.shop\/wp-content\/uploads\/2026\/03\/614ZeFphnL._SL1080_-100x100.jpg 100w, https:\/\/stuffstore.shop\/wp-content\/uploads\/2026\/03\/614ZeFphnL._SL1080_-50x50.jpg 50w, https:\/\/stuffstore.shop\/wp-content\/uploads\/2026\/03\/614ZeFphnL._SL1080_-1x1.jpg 1w, https:\/\/stuffstore.shop\/wp-content\/uploads\/2026\/03\/614ZeFphnL._SL1080_-10x10.jpg 10w, https:\/\/stuffstore.shop\/wp-content\/uploads\/2026\/03\/614ZeFphnL._SL1080_.jpg 1080w\" sizes=\"auto, (max-width: 1024px) 100vw, 1024px\" \/>\t\t\t\t\t\t\t\t\t\t\t\t\t\t\t<\/div>\n\t\t\t\t<\/div>\n\t\t\t\t<div class=\"elementor-element elementor-element-542f635c elementor-widget elementor-widget-image\" data-id=\"542f635c\" data-element_type=\"widget\" data-e-type=\"widget\" data-settings=\"{&quot;ekit_we_effect_on&quot;:&quot;none&quot;}\" data-widget_type=\"image.default\">\n\t\t\t\t<div class=\"elementor-widget-container\">\n\t\t\t\t\t\t\t\t\t\t\t\t\t\t\t<img loading=\"lazy\" decoding=\"async\" width=\"1500\" height=\"1500\" src=\"https:\/\/stuffstore.shop\/wp-content\/uploads\/2026\/03\/71McF9PRsSL._SL1500_.jpg\" class=\"attachment-full size-full wp-image-14406 wvs-archive-product-image\" alt=\"\" srcset=\"https:\/\/stuffstore.shop\/wp-content\/uploads\/2026\/03\/71McF9PRsSL._SL1500_.jpg 1500w, https:\/\/stuffstore.shop\/wp-content\/uploads\/2026\/03\/71McF9PRsSL._SL1500_-300x300.jpg 300w, https:\/\/stuffstore.shop\/wp-content\/uploads\/2026\/03\/71McF9PRsSL._SL1500_-1024x1024.jpg 1024w, https:\/\/stuffstore.shop\/wp-content\/uploads\/2026\/03\/71McF9PRsSL._SL1500_-150x150.jpg 150w, https:\/\/stuffstore.shop\/wp-content\/uploads\/2026\/03\/71McF9PRsSL._SL1500_-768x768.jpg 768w, https:\/\/stuffstore.shop\/wp-content\/uploads\/2026\/03\/71McF9PRsSL._SL1500_-12x12.jpg 12w, https:\/\/stuffstore.shop\/wp-content\/uploads\/2026\/03\/71McF9PRsSL._SL1500_-600x600.jpg 600w, https:\/\/stuffstore.shop\/wp-content\/uploads\/2026\/03\/71McF9PRsSL._SL1500_-100x100.jpg 100w, https:\/\/stuffstore.shop\/wp-content\/uploads\/2026\/03\/71McF9PRsSL._SL1500_-50x50.jpg 50w, https:\/\/stuffstore.shop\/wp-content\/uploads\/2026\/03\/71McF9PRsSL._SL1500_-1x1.jpg 1w, https:\/\/stuffstore.shop\/wp-content\/uploads\/2026\/03\/71McF9PRsSL._SL1500_-10x10.jpg 10w\" sizes=\"auto, (max-width: 1500px) 100vw, 1500px\" \/>\t\t\t\t\t\t\t\t\t\t\t\t\t\t\t<\/div>\n\t\t\t\t<\/div>\n\t\t\t\t<div class=\"elementor-element elementor-element-6b0ebc52 elementor-widget elementor-widget-image\" data-id=\"6b0ebc52\" data-element_type=\"widget\" data-e-type=\"widget\" data-settings=\"{&quot;ekit_we_effect_on&quot;:&quot;none&quot;}\" data-widget_type=\"image.default\">\n\t\t\t\t<div class=\"elementor-widget-container\">\n\t\t\t\t\t\t\t\t\t\t\t\t\t\t\t<img loading=\"lazy\" decoding=\"async\" width=\"1500\" height=\"1500\" src=\"https:\/\/stuffstore.shop\/wp-content\/uploads\/2026\/03\/610kHaPmzuL._SL1500_.jpg\" class=\"attachment-full size-full wp-image-14407 wvs-archive-product-image\" alt=\"\" srcset=\"https:\/\/stuffstore.shop\/wp-content\/uploads\/2026\/03\/610kHaPmzuL._SL1500_.jpg 1500w, https:\/\/stuffstore.shop\/wp-content\/uploads\/2026\/03\/610kHaPmzuL._SL1500_-300x300.jpg 300w, https:\/\/stuffstore.shop\/wp-content\/uploads\/2026\/03\/610kHaPmzuL._SL1500_-1024x1024.jpg 1024w, https:\/\/stuffstore.shop\/wp-content\/uploads\/2026\/03\/610kHaPmzuL._SL1500_-150x150.jpg 150w, https:\/\/stuffstore.shop\/wp-content\/uploads\/2026\/03\/610kHaPmzuL._SL1500_-768x768.jpg 768w, https:\/\/stuffstore.shop\/wp-content\/uploads\/2026\/03\/610kHaPmzuL._SL1500_-12x12.jpg 12w, https:\/\/stuffstore.shop\/wp-content\/uploads\/2026\/03\/610kHaPmzuL._SL1500_-600x600.jpg 600w, https:\/\/stuffstore.shop\/wp-content\/uploads\/2026\/03\/610kHaPmzuL._SL1500_-100x100.jpg 100w, https:\/\/stuffstore.shop\/wp-content\/uploads\/2026\/03\/610kHaPmzuL._SL1500_-50x50.jpg 50w, https:\/\/stuffstore.shop\/wp-content\/uploads\/2026\/03\/610kHaPmzuL._SL1500_-1x1.jpg 1w, https:\/\/stuffstore.shop\/wp-content\/uploads\/2026\/03\/610kHaPmzuL._SL1500_-10x10.jpg 10w\" sizes=\"auto, (max-width: 1500px) 100vw, 1500px\" \/>\t\t\t\t\t\t\t\t\t\t\t\t\t\t\t<\/div>\n\t\t\t\t<\/div>\n\t\t\t\t<div class=\"elementor-element elementor-element-221084a5 elementor-widget elementor-widget-image\" data-id=\"221084a5\" data-element_type=\"widget\" data-e-type=\"widget\" data-settings=\"{&quot;ekit_we_effect_on&quot;:&quot;none&quot;}\" data-widget_type=\"image.default\">\n\t\t\t\t<div class=\"elementor-widget-container\">\n\t\t\t\t\t\t\t\t\t\t\t\t\t\t\t<img loading=\"lazy\" decoding=\"async\" width=\"1024\" height=\"1024\" src=\"https:\/\/stuffstore.shop\/wp-content\/uploads\/2026\/03\/71braSmC9yL._SL1500_-1-1024x1024.jpg\" class=\"attachment-large size-large wp-image-14408 wvs-archive-product-image\" alt=\"\" srcset=\"https:\/\/stuffstore.shop\/wp-content\/uploads\/2026\/03\/71braSmC9yL._SL1500_-1-1024x1024.jpg 1024w, https:\/\/stuffstore.shop\/wp-content\/uploads\/2026\/03\/71braSmC9yL._SL1500_-1-300x300.jpg 300w, https:\/\/stuffstore.shop\/wp-content\/uploads\/2026\/03\/71braSmC9yL._SL1500_-1-150x150.jpg 150w, https:\/\/stuffstore.shop\/wp-content\/uploads\/2026\/03\/71braSmC9yL._SL1500_-1-768x768.jpg 768w, https:\/\/stuffstore.shop\/wp-content\/uploads\/2026\/03\/71braSmC9yL._SL1500_-1-12x12.jpg 12w, https:\/\/stuffstore.shop\/wp-content\/uploads\/2026\/03\/71braSmC9yL._SL1500_-1-600x600.jpg 600w, https:\/\/stuffstore.shop\/wp-content\/uploads\/2026\/03\/71braSmC9yL._SL1500_-1-100x100.jpg 100w, https:\/\/stuffstore.shop\/wp-content\/uploads\/2026\/03\/71braSmC9yL._SL1500_-1-50x50.jpg 50w, https:\/\/stuffstore.shop\/wp-content\/uploads\/2026\/03\/71braSmC9yL._SL1500_-1-1x1.jpg 1w, https:\/\/stuffstore.shop\/wp-content\/uploads\/2026\/03\/71braSmC9yL._SL1500_-1-10x10.jpg 10w, https:\/\/stuffstore.shop\/wp-content\/uploads\/2026\/03\/71braSmC9yL._SL1500_-1.jpg 1500w\" sizes=\"auto, (max-width: 1024px) 100vw, 1024px\" \/>\t\t\t\t\t\t\t\t\t\t\t\t\t\t\t<\/div>\n\t\t\t\t<\/div>\n\t\t\t\t<div class=\"elementor-element elementor-element-5518c938 elementor-widget elementor-widget-image\" data-id=\"5518c938\" data-element_type=\"widget\" data-e-type=\"widget\" data-settings=\"{&quot;ekit_we_effect_on&quot;:&quot;none&quot;}\" data-widget_type=\"image.default\">\n\t\t\t\t<div class=\"elementor-widget-container\">\n\t\t\t\t\t\t\t\t\t\t\t\t\t\t\t<img loading=\"lazy\" decoding=\"async\" width=\"1024\" height=\"1024\" src=\"https:\/\/stuffstore.shop\/wp-content\/uploads\/2026\/03\/71ekM4JOImL._SL1500_-1024x1024.jpg\" class=\"attachment-large size-large wp-image-14409 wvs-archive-product-image\" alt=\"\" srcset=\"https:\/\/stuffstore.shop\/wp-content\/uploads\/2026\/03\/71ekM4JOImL._SL1500_-1024x1024.jpg 1024w, https:\/\/stuffstore.shop\/wp-content\/uploads\/2026\/03\/71ekM4JOImL._SL1500_-300x300.jpg 300w, https:\/\/stuffstore.shop\/wp-content\/uploads\/2026\/03\/71ekM4JOImL._SL1500_-150x150.jpg 150w, https:\/\/stuffstore.shop\/wp-content\/uploads\/2026\/03\/71ekM4JOImL._SL1500_-768x768.jpg 768w, https:\/\/stuffstore.shop\/wp-content\/uploads\/2026\/03\/71ekM4JOImL._SL1500_-12x12.jpg 12w, https:\/\/stuffstore.shop\/wp-content\/uploads\/2026\/03\/71ekM4JOImL._SL1500_-600x600.jpg 600w, https:\/\/stuffstore.shop\/wp-content\/uploads\/2026\/03\/71ekM4JOImL._SL1500_-100x100.jpg 100w, https:\/\/stuffstore.shop\/wp-content\/uploads\/2026\/03\/71ekM4JOImL._SL1500_-50x50.jpg 50w, https:\/\/stuffstore.shop\/wp-content\/uploads\/2026\/03\/71ekM4JOImL._SL1500_-1x1.jpg 1w, https:\/\/stuffstore.shop\/wp-content\/uploads\/2026\/03\/71ekM4JOImL._SL1500_-10x10.jpg 10w, https:\/\/stuffstore.shop\/wp-content\/uploads\/2026\/03\/71ekM4JOImL._SL1500_.jpg 1500w\" sizes=\"auto, (max-width: 1024px) 100vw, 1024px\" \/>\t\t\t\t\t\t\t\t\t\t\t\t\t\t\t<\/div>\n\t\t\t\t<\/div>\n\t\t\t\t<div class=\"elementor-element elementor-element-395f5f0b elementor-widget elementor-widget-image\" data-id=\"395f5f0b\" data-element_type=\"widget\" data-e-type=\"widget\" data-settings=\"{&quot;ekit_we_effect_on&quot;:&quot;none&quot;}\" data-widget_type=\"image.default\">\n\t\t\t\t<div class=\"elementor-widget-container\">\n\t\t\t\t\t\t\t\t\t\t\t\t\t\t\t<img loading=\"lazy\" decoding=\"async\" width=\"1024\" height=\"1024\" src=\"https:\/\/stuffstore.shop\/wp-content\/uploads\/2026\/03\/71hXPSeYemL._SL1080_-1024x1024.jpg\" class=\"attachment-large size-large wp-image-14410 wvs-archive-product-image\" alt=\"\" srcset=\"https:\/\/stuffstore.shop\/wp-content\/uploads\/2026\/03\/71hXPSeYemL._SL1080_-1024x1024.jpg 1024w, https:\/\/stuffstore.shop\/wp-content\/uploads\/2026\/03\/71hXPSeYemL._SL1080_-300x300.jpg 300w, https:\/\/stuffstore.shop\/wp-content\/uploads\/2026\/03\/71hXPSeYemL._SL1080_-150x150.jpg 150w, https:\/\/stuffstore.shop\/wp-content\/uploads\/2026\/03\/71hXPSeYemL._SL1080_-768x768.jpg 768w, https:\/\/stuffstore.shop\/wp-content\/uploads\/2026\/03\/71hXPSeYemL._SL1080_-12x12.jpg 12w, https:\/\/stuffstore.shop\/wp-content\/uploads\/2026\/03\/71hXPSeYemL._SL1080_-600x600.jpg 600w, https:\/\/stuffstore.shop\/wp-content\/uploads\/2026\/03\/71hXPSeYemL._SL1080_-100x100.jpg 100w, https:\/\/stuffstore.shop\/wp-content\/uploads\/2026\/03\/71hXPSeYemL._SL1080_-50x50.jpg 50w, https:\/\/stuffstore.shop\/wp-content\/uploads\/2026\/03\/71hXPSeYemL._SL1080_-1x1.jpg 1w, https:\/\/stuffstore.shop\/wp-content\/uploads\/2026\/03\/71hXPSeYemL._SL1080_-10x10.jpg 10w, https:\/\/stuffstore.shop\/wp-content\/uploads\/2026\/03\/71hXPSeYemL._SL1080_.jpg 1080w\" sizes=\"auto, (max-width: 1024px) 100vw, 1024px\" \/>\t\t\t\t\t\t\t\t\t\t\t\t\t\t\t<\/div>\n\t\t\t\t<\/div>\n\t\t\t\t\t<\/div>\n\t\t\t\t<\/div>\n\t\t<div class=\"elementor-element elementor-element-314673d4 e-flex e-con-boxed e-con e-parent\" data-id=\"314673d4\" data-element_type=\"container\" data-e-type=\"container\" data-settings=\"{&quot;ekit_has_onepagescroll_dot&quot;:&quot;yes&quot;}\">\n\t\t\t\t\t<div class=\"e-con-inner\">\n\t\t\t\t<div class=\"elementor-element elementor-element-434c7e4e elementor-widget elementor-widget-image\" data-id=\"434c7e4e\" data-element_type=\"widget\" data-e-type=\"widget\" data-settings=\"{&quot;ekit_we_effect_on&quot;:&quot;none&quot;}\" data-widget_type=\"image.default\">\n\t\t\t\t<div class=\"elementor-widget-container\">\n\t\t\t\t\t\t\t\t\t\t\t\t\t\t\t<img loading=\"lazy\" decoding=\"async\" width=\"1500\" height=\"1500\" src=\"https:\/\/stuffstore.shop\/wp-content\/uploads\/2026\/03\/61ymydyNkL._SL1500_.jpg\" class=\"attachment-full size-full wp-image-14411 wvs-archive-product-image\" alt=\"\" srcset=\"https:\/\/stuffstore.shop\/wp-content\/uploads\/2026\/03\/61ymydyNkL._SL1500_.jpg 1500w, https:\/\/stuffstore.shop\/wp-content\/uploads\/2026\/03\/61ymydyNkL._SL1500_-300x300.jpg 300w, https:\/\/stuffstore.shop\/wp-content\/uploads\/2026\/03\/61ymydyNkL._SL1500_-1024x1024.jpg 1024w, https:\/\/stuffstore.shop\/wp-content\/uploads\/2026\/03\/61ymydyNkL._SL1500_-150x150.jpg 150w, https:\/\/stuffstore.shop\/wp-content\/uploads\/2026\/03\/61ymydyNkL._SL1500_-768x768.jpg 768w, https:\/\/stuffstore.shop\/wp-content\/uploads\/2026\/03\/61ymydyNkL._SL1500_-12x12.jpg 12w, https:\/\/stuffstore.shop\/wp-content\/uploads\/2026\/03\/61ymydyNkL._SL1500_-600x600.jpg 600w, https:\/\/stuffstore.shop\/wp-content\/uploads\/2026\/03\/61ymydyNkL._SL1500_-100x100.jpg 100w, https:\/\/stuffstore.shop\/wp-content\/uploads\/2026\/03\/61ymydyNkL._SL1500_-50x50.jpg 50w, https:\/\/stuffstore.shop\/wp-content\/uploads\/2026\/03\/61ymydyNkL._SL1500_-1x1.jpg 1w, https:\/\/stuffstore.shop\/wp-content\/uploads\/2026\/03\/61ymydyNkL._SL1500_-10x10.jpg 10w\" sizes=\"auto, (max-width: 1500px) 100vw, 1500px\" \/>\t\t\t\t\t\t\t\t\t\t\t\t\t\t\t<\/div>\n\t\t\t\t<\/div>\n\t\t\t\t<div class=\"elementor-element elementor-element-d067ab0 elementor-widget elementor-widget-text-editor\" data-id=\"d067ab0\" data-element_type=\"widget\" data-e-type=\"widget\" data-settings=\"{&quot;ekit_we_effect_on&quot;:&quot;none&quot;}\" data-widget_type=\"text-editor.default\">\n\t\t\t\t<div class=\"elementor-widget-container\">\n\t\t\t\t\t\t\t\t\t<h1 class=\"a-size-base-plus a-text-bold\">\u00dcber diesen Artikel<\/h1><ul class=\"a-unordered-list a-vertical a-spacing-mini\"><li class=\"a-spacing-mini\"><span class=\"a-list-item\">ELEGANT SOLID FRAGRANCE Lattafa Eclaire ist ein luxuri\u00f6ses Eau de Parfum f\u00fcr M\u00e4nner und Frauen mit einer perfekten Mischung aus cremiger Vanille, zarten Blumen und warmem Moschus.<\/span><\/li><li class=\"a-spacing-mini\"><span class=\"a-list-item\">Dauerhaftes und intensives Aroma - Dieses hochwertige arabische Parf\u00fcm wurde mit hochwertigen Duft\u00f6len formuliert und sorgt f\u00fcr eine starke Projektion und ganzt\u00e4gige Frische.<\/span><\/li><li class=\"a-spacing-mini\"><span class=\"a-list-item\">S\u00fc\u00dfe und moschusartige Noten - eine harmonische Verschmelzung von reicher Vanille, frischen Blumen und tiefen Moschusnoten, die einen warmen, sinnlichen und raffinierten Duft ergeben.<\/span><\/li><li class=\"a-spacing-mini\"><span class=\"a-list-item\">Perfekt f\u00fcr jede Gelegenheit - ob in der Freizeit, im B\u00fcro, bei Verabredungen oder besonderen Anl\u00e4ssen, Eclaire verleiht Ihrem Auftritt einen Hauch von Eleganz und Charme.<\/span><\/li><li class=\"a-spacing-mini\"><span class=\"a-list-item\">\u2705 LUXUSGESCHENK F\u00dcR PERFUME-LIEBHABER - In einem atemberaubenden 100ml-Flakon ist dieser Premium-Duft ein ideales Geschenk f\u00fcr Geburtstage, Jahrestage und festliche Anl\u00e4sse.<\/span><\/li><\/ul>\t\t\t\t\t\t\t\t<\/div>\n\t\t\t\t<\/div>\n\t\t\t\t<div class=\"elementor-element elementor-element-48a62932 elementor-widget elementor-widget-text-editor\" data-id=\"48a62932\" data-element_type=\"widget\" data-e-type=\"widget\" data-settings=\"{&quot;ekit_we_effect_on&quot;:&quot;none&quot;}\" data-widget_type=\"text-editor.default\">\n\t\t\t\t<div class=\"elementor-widget-container\">\n\t\t\t\t\t\t\t\t\t<!DOCTYPE html>\n<html lang=\"en\">\n<head>\n    <meta charset=\"UTF-8\">\n    <meta name=\"viewport\" content=\"width=device-width, initial-scale=1.0\">\n    <title>Product Information<\/title>\n    <style>\n        \/* \u5168\u5c40\u91cd\u7f6e\uff1a\u6d88\u9664\u9ed8\u8ba4\u6837\u5f0f\u5e72\u6270 *\/\n        * {\n            margin: 0;\n            padding: 0;\n            box-sizing: border-box;\n        }\n        body {\n            background-color: #f9f9f9;\n            padding: 15px 0;\n        }\n        \/* \u5916\u5c42\u5bb9\u5668\uff1a\u6781\u81f4\u52a0\u5bbd\uff0899.5%\uff09+ \u53d6\u6d88\u6700\u5927\u5bbd\u5ea6\u9650\u5236\uff0c\u89c6\u89c9\u66f4\u8212\u5c55 *\/\n        .spec-container {\n            width: 99.5%; \/* \u8d34\u8fd1100%\u6ee1\u5c4f\uff0c\u4ec5\u75590.5%\u7559\u767d\u907f\u514d\u8d34\u8fb9 *\/\n            max-width: none; \/* \u5f7b\u5e95\u53d6\u6d88\u6700\u5927\u5bbd\u5ea6\u9650\u5236\uff0c\u9002\u914d\u4efb\u610f\u5927\u5c4f *\/\n            margin: 0 auto;\n            padding: 1px;\n            font-family: 'Inter', 'Segoe UI', system-ui, Arial, sans-serif;\n            background-color: #ffffff;\n            border-radius: 8px;\n            box-shadow: 0 2px 8px rgba(0, 0, 0, 0.05);\n        }\n        \/* \u6838\u5fc3\u8868\u683c\uff1a\u6ee1\u5bbd\u5c55\u793a+\u4e0b\u5212\u7ebf\u8d2f\u7a7f+\u9002\u914d\u957f\u5c5e\u6027\u540d *\/\n        .spec-table {\n            width: 100%; \/* \u8868\u683c\u5360\u6ee1\u5bb9\u5668\u5bbd\u5ea6\uff0c\u6781\u81f4\u62c9\u5bbd *\/\n            border-collapse: collapse;\n            font-size: 14px;\n            color: #333;\n            border-radius: 8px;\n            overflow: hidden;\n        }\n        \/* \u6807\u9898\u884c\uff1a\u6e10\u53d8\u6d45\u7070+\u52a0\u7c97\uff0c\u7a81\u51fa\u5c42\u7ea7 *\/\n        .spec-table .title-row td {\n            background: linear-gradient(180deg, #fafafa 0%, #f5f5f5 100%);\n            font-weight: 600;\n            font-size: 15px;\n            color: #222;\n            padding: 14px 12px;\n            border-bottom: 1px solid #eeeeee;\n        }\n        \/* \u5185\u5bb9\u884c\uff1a\u7ec6\u817b\u4e0b\u5212\u7ebf\uff0c\u6700\u540e\u4e00\u884c\u52a0\u7c97\u6536\u5c3e *\/\n        .spec-table .content-row {\n            border-bottom: 1px solid #f0f0f0;\n            transition: all 0.2s ease-in-out;\n        }\n        .spec-table .content-row:last-child {\n            border-bottom: 2px solid #e8e8e8;\n        }\n        \/* \u5355\u5143\u683c\uff1a\u5de6\u5bf9\u9f50+\u5408\u7406\u95f4\u8ddd+\u9002\u914d\u8d85\u957f\u5c5e\u6027\u540d *\/\n        .spec-table td {\n            padding: 12px 12px;\n            text-align: left;\n            vertical-align: middle;\n            border: 0;\n            word-break: break-word;\n            line-height: 1.5;\n        }\n        \/* \u4e24\u5217\u5e03\u5c40\uff1a\u5de6\u521770%\u9002\u914d\u8d85\u957f\u5c5e\u6027\u540d\uff0c\u53f3\u521730%\u653e\u6570\u503c\uff08\u5217\u5bbd\u6bd4\u4f8b\u4e0d\u53d8\uff0c\u4ec5\u5bb9\u5668\u52a0\u5bbd\uff09 *\/\n        .spec-table .content-row td:first-child {\n            width: 70%;\n            font-weight: 500;\n            color: #1a1a1a;\n        }\n        .spec-table .content-row td:last-child {\n            width: 30%;\n            color: #666666;\n        }\n        \/* hover\u4ea4\u4e92\uff1a\u8f7b\u5fae\u62ac\u5347+\u6d45\u5e95\u8272\uff0c\u63d0\u5347\u8d28\u611f *\/\n        .spec-table .content-row:hover {\n            background-color: #fcfcfc;\n            transform: translateY(-1px);\n            box-shadow: 0 1px 3px rgba(0, 0, 0, 0.03);\n        }\n        \/* \u79fb\u52a8\u7aef\u9002\u914d\uff1a\u4f18\u5316\u5217\u5bbd\u548c\u95f4\u8ddd\uff0c\u907f\u514d\u6324\u538b *\/\n        @media (max-width: 768px) {\n            .spec-container {\n                width: 98%; \/* \u79fb\u52a8\u7aef\u4e5f\u52a0\u5bbd\uff0c\u4ec5\u75592%\u7559\u767d *\/\n                box-shadow: 0 1px 4px rgba(0, 0, 0, 0.04);\n            }\n            .spec-table td {\n                padding: 10px 10px;\n            }\n            .spec-table .content-row td:first-child {\n                width: 65%;\n            }\n            .spec-table .content-row td:last-child {\n                width: 35%;\n            }\n        }\n    <\/style>\n<\/head>\n<body>\n    <div class=\"spec-container\">\n        <table class=\"spec-table\">\n            <!-- \u6807\u9898\u884c\uff1a\u8de8\u4e24\u5217\u5c55\u793a -->\n            <tr class=\"title-row\">\n                <td colspan=\"2\">Produkt-Informationen<\/td>\n            <\/tr>\n            <!-- \u4e24\u5217\u53c2\u6570\u884c\uff1a\u5df2\u79fb\u9664\u5236\u9020\u5546\/\u54c1\u724c\u884c -->\n            <tr class=\"content-row\">\n                <td>Artikel Paket Abmessungen L x B x H<\/td>\n                <td>18,3 x 9,5 x 9,4 Zentimeter<\/td>\n            <\/tr>\n            <tr class=\"content-row\">\n                <td>Paket Gewicht<\/td>\n                <td>0.51 Kilogramm<\/td>\n            <\/tr>\n            <tr class=\"content-row\">\n                <td>Artikel Abmessungen L x B x H<\/td>\n                <td>5,6 x 3 x 11,4 Zentimeter<\/td>\n            <\/tr>\n            <tr class=\"content-row\">\n                <td>Artikel Gewicht<\/td>\n                <td>0.2 Kilogramm<\/td>\n            <\/tr>\n            <tr class=\"content-row\">\n                <td>Farbe<\/td>\n                <td>Lattafa<\/td>\n            <\/tr>\n            <tr class=\"content-row\">\n                <td>Artikel Form<\/td>\n                <td>Fl\u00fcssigkeit<\/td>\n            <\/tr>\n            <tr class=\"content-row\">\n                <td>Artikel Volumen<\/td>\n                <td>100 Milliliter<\/td>\n            <\/tr>\n            <tr class=\"content-row\">\n                <td>Geruch<\/td>\n                <td>Blumen<\/td>\n            <\/tr>\n            <tr class=\"content-row\">\n                <td>Wirkung der Augenbehandlung<\/td>\n                <td>Langlebig<\/td>\n            <\/tr>\n            <tr class=\"content-row\">\n                <td>Modellnummer des Artikels<\/td>\n                <td>BP32218274<\/td>\n            <\/tr>\n            <tr class=\"content-row\">\n                <td>Produkt Abmessungen<\/td>\n                <td>5,59 x 3,05 x 11,43 cm; 200 g<\/td>\n            <\/tr>\n        <\/table>\n    <\/div>\n<\/body>\n<\/html>\t\t\t\t\t\t\t\t<\/div>\n\t\t\t\t<\/div>\n\t\t\t\t\t<\/div>\n\t\t\t\t<\/div>\n\t\t\t\t<\/div>","protected":false},"excerpt":{"rendered":"<p>About this item ELEGANT SOLID FRAGRANCE Lattafa Eclaire is a luxurious eau de parfum designed for both men and women,&#8230;<\/p>","protected":false},"featured_media":14401,"comment_status":"open","ping_status":"closed","template":"","meta":{"_acf_changed":false},"etheme_brands":[],"product_brand":[],"product_cat":[118],"product_tag":[],"class_list":{"0":"post-14400","1":"product","2":"type-product","3":"status-publish","4":"has-post-thumbnail","6":"product_cat-sale-shop","8":"first","9":"instock","10":"sale","11":"shipping-taxable","12":"purchasable","13":"product-type-simple"},"acf":[],"_links":{"self":[{"href":"https:\/\/stuffstore.shop\/de\/wp-json\/wp\/v2\/product\/14400","targetHints":{"allow":["GET"]}}],"collection":[{"href":"https:\/\/stuffstore.shop\/de\/wp-json\/wp\/v2\/product"}],"about":[{"href":"https:\/\/stuffstore.shop\/de\/wp-json\/wp\/v2\/types\/product"}],"replies":[{"embeddable":true,"href":"https:\/\/stuffstore.shop\/de\/wp-json\/wp\/v2\/comments?post=14400"}],"version-history":[{"count":4,"href":"https:\/\/stuffstore.shop\/de\/wp-json\/wp\/v2\/product\/14400\/revisions"}],"predecessor-version":[{"id":14419,"href":"https:\/\/stuffstore.shop\/de\/wp-json\/wp\/v2\/product\/14400\/revisions\/14419"}],"wp:featuredmedia":[{"embeddable":true,"href":"https:\/\/stuffstore.shop\/de\/wp-json\/wp\/v2\/media\/14401"}],"wp:attachment":[{"href":"https:\/\/stuffstore.shop\/de\/wp-json\/wp\/v2\/media?parent=14400"}],"wp:term":[{"taxonomy":"brand","embeddable":true,"href":"https:\/\/stuffstore.shop\/de\/wp-json\/wp\/v2\/etheme_brands?post=14400"},{"taxonomy":"product_brand","embeddable":true,"href":"https:\/\/stuffstore.shop\/de\/wp-json\/wp\/v2\/product_brand?post=14400"},{"taxonomy":"product_cat","embeddable":true,"href":"https:\/\/stuffstore.shop\/de\/wp-json\/wp\/v2\/product_cat?post=14400"},{"taxonomy":"product_tag","embeddable":true,"href":"https:\/\/stuffstore.shop\/de\/wp-json\/wp\/v2\/product_tag?post=14400"}],"curies":[{"name":"wp","href":"https:\/\/api.w.org\/{rel}","templated":true}]}}